{"id":69,"date":"2025-06-18T07:50:41","date_gmt":"2025-06-18T14:50:41","guid":{"rendered":"https:\/\/wilmingtonseniorcenter8.wordpress.com\/?page_id=69"},"modified":"2025-06-25T21:53:51","modified_gmt":"2025-06-25T21:53:51","slug":"contact-us","status":"publish","type":"page","link":"https:\/\/wjcseniors.org\/es\/contact-us\/","title":{"rendered":"Cont\u00e1ctenos"},"content":{"rendered":"<div class=\"alignfull wp-block-group is-layout-constrained wp-container-core-group-is-layout-1cb96c6a wp-block-group-is-layout-constrained\" style=\"padding-top:var(--wp--preset--spacing--50);padding-bottom:var(--wp--preset--spacing--40)\">\n<div class=\"wp-block-columns alignwide is-layout-flex wp-container-core-columns-is-layout-ea69a204 wp-block-columns-is-layout-flex\">\n<div class=\"wp-block-column is-layout-flow wp-container-core-column-is-layout-22223934 wp-block-column-is-layout-flow\" style=\"flex-basis:50%\">\n<p class=\"has-text-align-center\"><strong>Centro para personas mayores de Wilmington<\/strong><br>1371 N. Eubank Avenue<br>Wilmington, CA 90744<br>Tel\u00e9fono: (310) 518-4533<br>Correo electr\u00f3nico: info@wjcseniors.org<\/p>\n\n\n\n<p class=\"\"><\/p>\n\n\n\n<h2 class=\"wp-block-heading has-text-align-center\">We&#8217;re here to Help!<\/h2>\n\n\n\n<figure class=\"wp-block-image aligncenter size-large is-resized\"><img data-recalc-dims=\"1\" loading=\"lazy\" decoding=\"async\" width=\"275\" height=\"183\" src=\"https:\/\/i0.wp.com\/wjcseniors.org\/wp-content\/uploads\/2025\/06\/here-to-help.jpg?resize=275%2C183&#038;ssl=1\" alt=\"\" class=\"wp-image-71\" style=\"width:367px;height:auto\"\/><\/figure>\n\n\n\n<p class=\"\"><\/p>\n\n\n\n<p class=\"has-text-align-center has-header-foreground-color has-text-color has-link-color wp-elements-0959da08ca53152affb421dd4b3616da\"><strong>Horario del centro<br><\/strong>De lunes a viernes<br>De 8:00 a. m. a 4:30 p. m.<br>El almuerzo se sirve diariamente a las 11:00 a. m.<\/p>\n<\/div>\n\n\n\n<div class=\"wp-block-column is-layout-flow wp-container-core-column-is-layout-f5bb311e wp-block-column-is-layout-flow\" style=\"flex-basis:50%\">\n<p class=\"has-text-align-center has-normal-font-size\" style=\"margin-right:39px;margin-left:39px\">Quiz\u00e1s tenga preguntas sobre nuestros programas. Quiz\u00e1s necesite ayuda con los servicios. O quiz\u00e1s quiera saber m\u00e1s sobre c\u00f3mo participar. Sea lo que sea, agradecemos su mensaje. Nuestro personal est\u00e1 listo para brindarle la informaci\u00f3n y el apoyo que necesita.<\/p>\n\n\n<div class=\"wp-block-jetpack-contact-form is-layout-flex wp-container-jetpack-contact-form-is-layout-b2f6bfdd wp-block-jetpack-contact-form-is-layout-flex\"><a href=\"https:\/\/wjcseniors.org\/es\/contact-us\/\" target=\"_blank\" rel=\"noopener noreferrer\">Env\u00eda un formulario.<\/a><\/div><\/div>\n<\/div>\n\n\n\n<div class=\"wp-block-group alignfull has-background-color has-foreground-background-color has-text-color has-background has-link-color wp-elements-1e1e65074ed89e326c2be961bfcf9232 is-layout-constrained wp-container-core-group-is-layout-da470a24 wp-block-group-is-layout-constrained\" style=\"padding-top:0;padding-right:var(--wp--preset--spacing--40);padding-bottom:0;padding-left:var(--wp--preset--spacing--40)\">\n<iframe \n  src=\"https:\/\/www.google.com\/maps\/embed?pb=!1m18!1m12!1m3!1d3301.374539013882!2d-118.2613601!3d33.779675799999996!2m3!1f0!2f0!3f0!3m2!1i1024!2i768!4f13.1!3m3!1m2!1s0x80dd34e8d18921cf%3A0xe6716de6ff5c4b48!2s1371%20N%20Eubank%20Ave%2C%20Wilmington%2C%20CA%2090744!5e0!3m2!1sen!2sus!4v1718669990615!5m2!1sen!2sus\" \n  width=\"100%\" \n  height=\"450\" \n  style=\"border:0; border-radius:8px;\" \n  allowfullscreen=\"\" \n  loading=\"lazy\" \n  referrerpolicy=\"no-referrer-when-downgrade\">\n<\/iframe>\n<\/div>\n<\/div>\n\n\n\n<h3 class=\"wp-block-heading\">\u00bfNecesita ayuda ahora?<\/h3>\n\n\n\n<p class=\"\">No dude en llamarnos en horario laboral para obtener asistencia inmediata. Nuestro equipo estar\u00e1 encantado de responder preguntas, programar visitas o conectarle con servicios que se ajusten a sus necesidades.<\/p>\n\n\n\n<p class=\"\"><\/p>","protected":false},"excerpt":{"rendered":"<p>Wilmington Senior Center1371 N. Eubank AvenueWilmington, CA 90744Phone: (310) 518-4533Email: info@wjcseniors.org We&#8217;re here to Help! Center HoursMonday through Friday8:00 AM to 4:30 PMLunch is served daily at 11:00 AM You may have questions about our programs. You might need assistance with services. Or you may want to learn more about how to get involved. Whatever [&hellip;]<\/p>\n","protected":false},"author":1,"featured_media":0,"parent":0,"menu_order":6,"comment_status":"closed","ping_status":"closed","template":"","meta":{"nf_dc_page":"","om_disable_all_campaigns":false,"_monsterinsights_skip_tracking":false,"_monsterinsights_sitenote_active":false,"_monsterinsights_sitenote_note":"","_monsterinsights_sitenote_category":0,"footnotes":""},"class_list":["post-69","page","type-page","status-publish","hentry"],"yoast_head":"<!-- This site is optimized with the Yoast SEO plugin v27.5 - https:\/\/yoast.com\/product\/yoast-seo-wordpress\/ -->\n<title>Contact Us - Wilmington Senior Center<\/title>\n<meta name=\"robots\" content=\"index, follow, max-snippet:-1, max-image-preview:large, max-video-preview:-1\" \/>\n<link rel=\"canonical\" href=\"https:\/\/wjcseniors.org\/es\/contact-us\/\" \/>\n<meta property=\"og:locale\" content=\"es_MX\" \/>\n<meta property=\"og:type\" content=\"article\" \/>\n<meta property=\"og:title\" content=\"Contact Us - Wilmington Senior Center\" \/>\n<meta property=\"og:description\" content=\"Wilmington Senior Center1371 N. Eubank AvenueWilmington, CA 90744Phone: (310) 518-4533Email: info@wjcseniors.org We&#8217;re here to Help! Center HoursMonday through Friday8:00 AM to 4:30 PMLunch is served daily at 11:00 AM You may have questions about our programs. You might need assistance with services. Or you may want to learn more about how to get involved. Whatever [&hellip;]\" \/>\n<meta property=\"og:url\" content=\"https:\/\/wjcseniors.org\/es\/contact-us\/\" \/>\n<meta property=\"og:site_name\" content=\"Wilmington Senior Center\" \/>\n<meta property=\"article:modified_time\" content=\"2025-06-25T21:53:51+00:00\" \/>\n<meta property=\"og:image\" content=\"https:\/\/wjcseniors.org\/wp-content\/uploads\/2025\/06\/here-to-help.jpg?w=275\" \/>\n<meta name=\"twitter:card\" content=\"summary_large_image\" \/>\n<meta name=\"twitter:label1\" content=\"Tiempo de lectura\" \/>\n\t<meta name=\"twitter:data1\" content=\"1 minuto\" \/>\n<script type=\"application\/ld+json\" class=\"yoast-schema-graph\">{\"@context\":\"https:\\\/\\\/schema.org\",\"@graph\":[{\"@type\":\"WebPage\",\"@id\":\"https:\\\/\\\/wjcseniors.org\\\/contact-us\\\/\",\"url\":\"https:\\\/\\\/wjcseniors.org\\\/contact-us\\\/\",\"name\":\"Contact Us - Wilmington Senior Center\",\"isPartOf\":{\"@id\":\"https:\\\/\\\/wjcseniors.org\\\/#website\"},\"primaryImageOfPage\":{\"@id\":\"https:\\\/\\\/wjcseniors.org\\\/contact-us\\\/#primaryimage\"},\"image\":{\"@id\":\"https:\\\/\\\/wjcseniors.org\\\/contact-us\\\/#primaryimage\"},\"thumbnailUrl\":\"https:\\\/\\\/wjcseniors.org\\\/wp-content\\\/uploads\\\/2025\\\/06\\\/here-to-help.jpg?w=275\",\"datePublished\":\"2025-06-18T14:50:41+00:00\",\"dateModified\":\"2025-06-25T21:53:51+00:00\",\"breadcrumb\":{\"@id\":\"https:\\\/\\\/wjcseniors.org\\\/contact-us\\\/#breadcrumb\"},\"inLanguage\":\"es\",\"potentialAction\":[{\"@type\":\"ReadAction\",\"target\":[\"https:\\\/\\\/wjcseniors.org\\\/contact-us\\\/\"]}]},{\"@type\":\"ImageObject\",\"inLanguage\":\"es\",\"@id\":\"https:\\\/\\\/wjcseniors.org\\\/contact-us\\\/#primaryimage\",\"url\":\"https:\\\/\\\/wjcseniors.org\\\/wp-content\\\/uploads\\\/2025\\\/06\\\/here-to-help.jpg?w=275\",\"contentUrl\":\"https:\\\/\\\/wjcseniors.org\\\/wp-content\\\/uploads\\\/2025\\\/06\\\/here-to-help.jpg?w=275\"},{\"@type\":\"BreadcrumbList\",\"@id\":\"https:\\\/\\\/wjcseniors.org\\\/contact-us\\\/#breadcrumb\",\"itemListElement\":[{\"@type\":\"ListItem\",\"position\":1,\"name\":\"Home\",\"item\":\"https:\\\/\\\/wjcseniors.org\\\/\"},{\"@type\":\"ListItem\",\"position\":2,\"name\":\"Contact Us\"}]},{\"@type\":\"WebSite\",\"@id\":\"https:\\\/\\\/wjcseniors.org\\\/#website\",\"url\":\"https:\\\/\\\/wjcseniors.org\\\/\",\"name\":\"Wilmington Senior Center\",\"description\":\"Wilmington Jaycees Foundation Inc.\",\"publisher\":{\"@id\":\"https:\\\/\\\/wjcseniors.org\\\/#organization\"},\"potentialAction\":[{\"@type\":\"SearchAction\",\"target\":{\"@type\":\"EntryPoint\",\"urlTemplate\":\"https:\\\/\\\/wjcseniors.org\\\/?s={search_term_string}\"},\"query-input\":{\"@type\":\"PropertyValueSpecification\",\"valueRequired\":true,\"valueName\":\"search_term_string\"}}],\"inLanguage\":\"es\"},{\"@type\":\"Organization\",\"@id\":\"https:\\\/\\\/wjcseniors.org\\\/#organization\",\"name\":\"Wilmington Senior Center\",\"url\":\"https:\\\/\\\/wjcseniors.org\\\/\",\"logo\":{\"@type\":\"ImageObject\",\"inLanguage\":\"es\",\"@id\":\"https:\\\/\\\/wjcseniors.org\\\/#\\\/schema\\\/logo\\\/image\\\/\",\"url\":\"https:\\\/\\\/i0.wp.com\\\/wjcseniors.org\\\/wp-content\\\/uploads\\\/2023\\\/11\\\/download.png?fit=155%2C171&ssl=1\",\"contentUrl\":\"https:\\\/\\\/i0.wp.com\\\/wjcseniors.org\\\/wp-content\\\/uploads\\\/2023\\\/11\\\/download.png?fit=155%2C171&ssl=1\",\"width\":155,\"height\":171,\"caption\":\"Wilmington Senior Center\"},\"image\":{\"@id\":\"https:\\\/\\\/wjcseniors.org\\\/#\\\/schema\\\/logo\\\/image\\\/\"},\"sameAs\":[\"https:\\\/\\\/www.yelp.com\\\/biz\\\/wilmington-senior-citizen-center-los-angeles\"]}]}<\/script>\n<!-- \/ Yoast SEO plugin. -->","yoast_head_json":{"title":"Contact Us - Wilmington Senior Center","robots":{"index":"index","follow":"follow","max-snippet":"max-snippet:-1","max-image-preview":"max-image-preview:large","max-video-preview":"max-video-preview:-1"},"canonical":"https:\/\/wjcseniors.org\/es\/contact-us\/","og_locale":"es_MX","og_type":"article","og_title":"Contact Us - Wilmington Senior Center","og_description":"Wilmington Senior Center1371 N. Eubank AvenueWilmington, CA 90744Phone: (310) 518-4533Email: info@wjcseniors.org We&#8217;re here to Help! Center HoursMonday through Friday8:00 AM to 4:30 PMLunch is served daily at 11:00 AM You may have questions about our programs. You might need assistance with services. Or you may want to learn more about how to get involved. Whatever [&hellip;]","og_url":"https:\/\/wjcseniors.org\/es\/contact-us\/","og_site_name":"Wilmington Senior Center","article_modified_time":"2025-06-25T21:53:51+00:00","og_image":[{"url":"https:\/\/wjcseniors.org\/wp-content\/uploads\/2025\/06\/here-to-help.jpg?w=275","type":"","width":"","height":""}],"twitter_card":"summary_large_image","twitter_misc":{"Tiempo de lectura":"1 minuto"},"schema":{"@context":"https:\/\/schema.org","@graph":[{"@type":"WebPage","@id":"https:\/\/wjcseniors.org\/contact-us\/","url":"https:\/\/wjcseniors.org\/contact-us\/","name":"Contact Us - Wilmington Senior Center","isPartOf":{"@id":"https:\/\/wjcseniors.org\/#website"},"primaryImageOfPage":{"@id":"https:\/\/wjcseniors.org\/contact-us\/#primaryimage"},"image":{"@id":"https:\/\/wjcseniors.org\/contact-us\/#primaryimage"},"thumbnailUrl":"https:\/\/wjcseniors.org\/wp-content\/uploads\/2025\/06\/here-to-help.jpg?w=275","datePublished":"2025-06-18T14:50:41+00:00","dateModified":"2025-06-25T21:53:51+00:00","breadcrumb":{"@id":"https:\/\/wjcseniors.org\/contact-us\/#breadcrumb"},"inLanguage":"es","potentialAction":[{"@type":"ReadAction","target":["https:\/\/wjcseniors.org\/contact-us\/"]}]},{"@type":"ImageObject","inLanguage":"es","@id":"https:\/\/wjcseniors.org\/contact-us\/#primaryimage","url":"https:\/\/wjcseniors.org\/wp-content\/uploads\/2025\/06\/here-to-help.jpg?w=275","contentUrl":"https:\/\/wjcseniors.org\/wp-content\/uploads\/2025\/06\/here-to-help.jpg?w=275"},{"@type":"BreadcrumbList","@id":"https:\/\/wjcseniors.org\/contact-us\/#breadcrumb","itemListElement":[{"@type":"ListItem","position":1,"name":"Home","item":"https:\/\/wjcseniors.org\/"},{"@type":"ListItem","position":2,"name":"Contact Us"}]},{"@type":"WebSite","@id":"https:\/\/wjcseniors.org\/#website","url":"https:\/\/wjcseniors.org\/","name":"Centro para personas mayores de Wilmington","description":"Fundaci\u00f3n Jaycees de Wilmington Inc.","publisher":{"@id":"https:\/\/wjcseniors.org\/#organization"},"potentialAction":[{"@type":"SearchAction","target":{"@type":"EntryPoint","urlTemplate":"https:\/\/wjcseniors.org\/?s={search_term_string}"},"query-input":{"@type":"PropertyValueSpecification","valueRequired":true,"valueName":"search_term_string"}}],"inLanguage":"es"},{"@type":"Organization","@id":"https:\/\/wjcseniors.org\/#organization","name":"Centro para personas mayores de Wilmington","url":"https:\/\/wjcseniors.org\/","logo":{"@type":"ImageObject","inLanguage":"es","@id":"https:\/\/wjcseniors.org\/#\/schema\/logo\/image\/","url":"https:\/\/i0.wp.com\/wjcseniors.org\/wp-content\/uploads\/2023\/11\/download.png?fit=155%2C171&ssl=1","contentUrl":"https:\/\/i0.wp.com\/wjcseniors.org\/wp-content\/uploads\/2023\/11\/download.png?fit=155%2C171&ssl=1","width":155,"height":171,"caption":"Wilmington Senior Center"},"image":{"@id":"https:\/\/wjcseniors.org\/#\/schema\/logo\/image\/"},"sameAs":["https:\/\/www.yelp.com\/biz\/wilmington-senior-citizen-center-los-angeles"]}]}},"jetpack_sharing_enabled":true,"_links":{"self":[{"href":"https:\/\/wjcseniors.org\/es\/wp-json\/wp\/v2\/pages\/69","targetHints":{"allow":["GET"]}}],"collection":[{"href":"https:\/\/wjcseniors.org\/es\/wp-json\/wp\/v2\/pages"}],"about":[{"href":"https:\/\/wjcseniors.org\/es\/wp-json\/wp\/v2\/types\/page"}],"author":[{"embeddable":true,"href":"https:\/\/wjcseniors.org\/es\/wp-json\/wp\/v2\/users\/1"}],"replies":[{"embeddable":true,"href":"https:\/\/wjcseniors.org\/es\/wp-json\/wp\/v2\/comments?post=69"}],"version-history":[{"count":8,"href":"https:\/\/wjcseniors.org\/es\/wp-json\/wp\/v2\/pages\/69\/revisions"}],"predecessor-version":[{"id":236,"href":"https:\/\/wjcseniors.org\/es\/wp-json\/wp\/v2\/pages\/69\/revisions\/236"}],"wp:attachment":[{"href":"https:\/\/wjcseniors.org\/es\/wp-json\/wp\/v2\/media?parent=69"}],"curies":[{"name":"wp","href":"https:\/\/api.w.org\/{rel}","templated":true}]}}