{"id":50,"date":"2025-06-18T07:02:28","date_gmt":"2025-06-18T14:02:28","guid":{"rendered":"https:\/\/wilmingtonseniorcenter8.wordpress.com\/?page_id=50"},"modified":"2025-09-25T22:32:28","modified_gmt":"2025-09-25T22:32:28","slug":"home","status":"publish","type":"page","link":"https:\/\/wjcseniors.org\/es\/","title":{"rendered":"Hogar"},"content":{"rendered":"<div class=\"wp-block-group alignfull is-layout-constrained wp-container-core-group-is-layout-490fa1db wp-block-group-is-layout-constrained\" style=\"padding-top:var(--wp--preset--spacing--50);padding-right:var(--wp--preset--spacing--50);padding-bottom:var(--wp--preset--spacing--50);padding-left:var(--wp--preset--spacing--50)\">\n<div style=\"height:11px\" aria-hidden=\"true\" class=\"wp-block-spacer\"><\/div>\n\n\n\n<div class=\"wp-block-cover is-light\"><img data-recalc-dims=\"1\" loading=\"lazy\" decoding=\"async\" width=\"640\" height=\"480\" class=\"wp-block-cover__image-background wp-image-436 size-full\" alt=\"\" src=\"https:\/\/i0.wp.com\/wjcseniors.org\/wp-content\/uploads\/2025\/09\/IMG_5193.jpg?resize=640%2C480&#038;ssl=1\" data-object-fit=\"cover\" srcset=\"https:\/\/i0.wp.com\/wjcseniors.org\/wp-content\/uploads\/2025\/09\/IMG_5193.jpg?w=640&amp;ssl=1 640w, https:\/\/i0.wp.com\/wjcseniors.org\/wp-content\/uploads\/2025\/09\/IMG_5193.jpg?resize=300%2C225&amp;ssl=1 300w, https:\/\/i0.wp.com\/wjcseniors.org\/wp-content\/uploads\/2025\/09\/IMG_5193.jpg?resize=16%2C12&amp;ssl=1 16w\" sizes=\"auto, (max-width: 640px) 100vw, 640px\" \/><span aria-hidden=\"true\" class=\"wp-block-cover__background has-background-dim\" style=\"background-color:#a9acad\"><\/span><div class=\"wp-block-cover__inner-container is-layout-constrained wp-container-core-cover-is-layout-b4221ccf wp-block-cover-is-layout-constrained\">\n<p class=\"has-text-align-center has-base-color has-text-color has-link-color has-huge-font-size nfd-wb-animate nfd-wb-fade-in-right-short wp-elements-5cf2562488f1fb528610743e7f730f71\">Bienvenido a la <\/p>\n\n\n\n<p class=\"has-text-align-center has-base-color has-v-tertiary-primary-gradient-background has-text-color has-background has-link-color has-huge-font-size nfd-wb-animate nfd-wb-fade-in-right-short wp-elements-4e37fb9ec72865528481ac45a56d237e\"><strong>Centro para personas mayores de Wilmington<\/strong><\/p>\n\n\n\n<p class=\"has-text-align-center\">Empoderar a los adultos mayores para <strong>Viva bien, mant\u00e9ngase activo y conectado<\/strong> a trav\u00e9s de programas inclusivos, servicios de salud y amistades para toda la vida.<\/p>\n<\/div><\/div>\n<\/div>\n\n\n\n<div class=\"wp-block-group alignfull has-base-2-background-color has-background is-layout-constrained wp-container-core-group-is-layout-669513ed wp-block-group-is-layout-constrained\" style=\"margin-top:0;margin-bottom:0;padding-top:var(--wp--preset--spacing--50);padding-right:var(--wp--preset--spacing--50);padding-bottom:var(--wp--preset--spacing--50);padding-left:var(--wp--preset--spacing--50)\">\n<div class=\"wp-block-cover\"><span aria-hidden=\"true\" class=\"wp-block-cover__background has-secondary-background-color has-background-dim-100 has-background-dim\"><\/span><div class=\"wp-block-cover__inner-container is-layout-constrained wp-block-cover-is-layout-constrained\">\n<p class=\"has-text-align-center has-x-large-font-size\"><strong>Quienes somos<\/strong><\/p>\n\n\n\n<p class=\"has-text-align-center has-medium-font-size\" style=\"margin-top:32px;margin-right:0px;margin-bottom:32px;margin-left:0px\">El Centro para Personas Mayores de Wilmington, administrado por la Fundaci\u00f3n Jaycees, se enorgullece de servir a adultos mayores en Wilmington, San Pedro, Harbor Gateway y Harbor City. Somos un espacio seguro y acogedor donde se cultiva la amistad y las personas mayores disfrutan de un estilo de vida vibrante y saludable.<br><\/p>\n<\/div><\/div>\n\n\n\n<div class=\"wp-block-columns alignwide is-layout-flex wp-container-core-columns-is-layout-d0bbbce0 wp-block-columns-is-layout-flex\">\n<div class=\"wp-block-column is-layout-flow wp-container-core-column-is-layout-e3d1c41b wp-block-column-is-layout-flow\">\n<h3 class=\"is-style-asterisk wp-block-heading has-text-align-left has-body-font-family has-medium-font-size\" style=\"font-style:normal;font-weight:600\"><a href=\"https:\/\/wjcseniors.org\/es\/contact-us\/\">Salud y bienestar<\/a><\/h3>\n\n\n\n<p class=\"has-text-align-left\">Ofrecemos ex\u00e1menes de salud como presi\u00f3n arterial, vista y audici\u00f3n, y vacunas contra la gripe. Nuestras clases de ejercicio en silla te ayudan a mantenerte f\u00edsicamente activo en un entorno seguro y con apoyo.<\/p>\n<\/div>\n\n\n\n<div class=\"wp-block-column is-layout-flow wp-container-core-column-is-layout-e3d1c41b wp-block-column-is-layout-flow\">\n<h3 class=\"is-style-asterisk wp-block-heading has-text-align-left has-body-font-family has-medium-font-size\" style=\"font-style:normal;font-weight:600\"><a href=\"https:\/\/wjcseniors.org\/es\/contact-us\/\">Nutrici\u00f3n y comidas<\/a><\/h3>\n\n\n\n<p class=\"has-text-align-left\">Enjoy nutritious daily lunches at our center or sign up for home-delivered meals if you&#8217;re homebound. We also offer nutrition education to support healthy eating habits.<\/p>\n<\/div>\n\n\n\n<div class=\"wp-block-column is-layout-flow wp-container-core-column-is-layout-e3d1c41b wp-block-column-is-layout-flow\">\n<h3 class=\"is-style-asterisk wp-block-heading has-text-align-left has-body-font-family has-medium-font-size\" style=\"font-style:normal;font-weight:600\"><a href=\"https:\/\/wjcseniors.org\/es\/contact-us\/\">Actividades creativas<\/a><\/h3>\n\n\n\n<p class=\"has-text-align-left\">Descubre tus talentos a trav\u00e9s de clases de arte, m\u00fasica, costura y manualidades. Estos programas fomentan la creatividad, la motricidad fina y el aprendizaje continuo en un ambiente divertido y acogedor.<\/p>\n<\/div>\n<\/div>\n\n\n\n<div style=\"height:var(--wp--preset--spacing--20)\" aria-hidden=\"true\" class=\"wp-block-spacer\"><\/div>\n\n\n\n<div class=\"wp-block-columns alignwide is-layout-flex wp-container-core-columns-is-layout-d0bbbce0 wp-block-columns-is-layout-flex\">\n<div class=\"wp-block-column is-layout-flow wp-container-core-column-is-layout-e3d1c41b wp-block-column-is-layout-flow\">\n<h3 class=\"is-style-asterisk wp-block-heading has-text-align-left has-body-font-family has-medium-font-size\" style=\"font-style:normal;font-weight:600\"><a href=\"https:\/\/wjcseniors.org\/es\/contact-us\/\">Social y Recreaci\u00f3n<\/a><\/h3>\n\n\n\n<p class=\"has-text-align-left\">Stay connected through games like bingo and Loter\u00eda, join our senior clubs, or participate in low-cost group outings. There&#8217;s always something fun happening here.<\/p>\n<\/div>\n\n\n\n<div class=\"wp-block-column is-layout-flow wp-container-core-column-is-layout-e3d1c41b wp-block-column-is-layout-flow\">\n<h3 class=\"is-style-asterisk wp-block-heading has-text-align-left has-body-font-family has-medium-font-size\" style=\"font-style:normal;font-weight:600\"><a href=\"https:\/\/wjcseniors.org\/es\/contact-us\/\">Servicios de soporte<\/a><\/h3>\n\n\n\n<p class=\"has-text-align-left\">Ofrecemos asistencia a trav\u00e9s de nuestro trabajador social en el lugar, quien proporciona orientaci\u00f3n, recursos y referencias. Tambi\u00e9n ofrecemos asistencia legal con cita previa para ayudar con la tutela, las directivas de atenci\u00f3n m\u00e9dica y m\u00e1s.<\/p>\n<\/div>\n\n\n\n<div class=\"wp-block-column is-layout-flow wp-container-core-column-is-layout-e3d1c41b wp-block-column-is-layout-flow\">\n<h3 class=\"is-style-asterisk wp-block-heading has-text-align-left has-body-font-family has-medium-font-size\" style=\"font-style:normal;font-weight:600\"><a href=\"https:\/\/wjcseniors.org\/es\/contact-us\/\">Apoyo a los cuidadores<\/a><\/h3>\n\n\n\n<p class=\"has-text-align-left\">If you&#8217;re caring for a loved one, we\u2019re here for you. Access workshops, respite services referrals, and compassionate support through programs designed for caregivers and families.<\/p>\n<\/div>\n<\/div>\n<\/div>\n\n\n\n<div class=\"wp-block-group alignfull is-layout-constrained wp-container-core-group-is-layout-d89aad35 wp-block-group-is-layout-constrained\" style=\"margin-top:0;margin-bottom:0;padding-top:var(--wp--preset--spacing--50);padding-right:var(--wp--preset--spacing--50);padding-bottom:var(--wp--preset--spacing--50);padding-left:var(--wp--preset--spacing--50)\">\n<div class=\"wp-block-group alignwide is-layout-constrained wp-container-core-group-is-layout-19e250f3 wp-block-group-is-layout-constrained\">\n<div class=\"wp-block-group alignfull is-vertical is-content-justification-center is-layout-flex wp-container-core-group-is-layout-6329a8f3 wp-block-group-is-layout-flex\">\n<h2 class=\"is-style-asterisk wp-block-heading has-text-align-center has-large-font-size\"><strong>Invol\u00facrate con nuestra comunidad<\/strong><\/h2>\n\n\n\n<p class=\"has-text-align-center\">Ya sea una persona mayor que busca mantenerse conectada, un familiar que busca apoyo o un miembro de la comunidad listo para ser voluntario, el Centro para Personas Mayores de Wilmington tiene un lugar para usted. Ay\u00fadenos a construir una comunidad m\u00e1s fuerte y din\u00e1mica para los adultos mayores.<\/p>\n<\/div>\n<\/div>\n\n\n\n<h3 class=\"is-style-asterisk wp-block-heading has-text-align-center has-large-font-size\"><strong>Vis\u00edtanos<\/strong><\/h3>\n\n\n\n<p class=\"has-text-align-center\">Le invitamos a visitar el Centro para Personas Mayores de Wilmington para obtener m\u00e1s informaci\u00f3n sobre nuestros programas, conocer a nuestro amable personal o simplemente disfrutar de una comida y una agradable conversaci\u00f3n. Ubicado en el coraz\u00f3n de Wilmington, nuestro centro es de f\u00e1cil acceso y est\u00e1 abierto a todas las personas mayores de la comunidad circundante. Ya sea que est\u00e9 planeando su primera visita o que regrese como un familiar, esperamos verlo.<\/p>\n\n\n\n<p class=\"has-text-align-center\">Nos encontrar\u00e1 en 1371 N. Eubank Avenue, Wilmington, CA 90744. Si tiene alguna pregunta o desea hablar con un miembro de nuestro equipo, llame al (310) 518-4533 en horario de oficina. Abrimos de lunes a viernes de 8:00 a. m. a 4:00 p. m. y servimos almuerzos todos los d\u00edas a las 11:00 a. m.<\/p>\n\n\n\n<div class=\"wp-block-group alignwide is-layout-constrained wp-container-core-group-is-layout-19e250f3 wp-block-group-is-layout-constrained\">\n<div style=\"height:var(--wp--preset--spacing--40)\" aria-hidden=\"true\" class=\"wp-block-spacer\"><\/div>\n\n\n\n<div class=\"wp-block-columns alignwide is-layout-flex wp-container-core-columns-is-layout-d1c656ed wp-block-columns-is-layout-flex\">\n<div class=\"wp-block-column is-vertically-aligned-center is-layout-flow wp-block-column-is-layout-flow\" style=\"flex-basis:40%\"><\/div>\n<\/div>\n\n\n\n<iframe \n  src=\"https:\/\/www.google.com\/maps\/embed?pb=!1m18!1m12!1m3!1d3301.374539013882!2d-118.2613601!3d33.779675799999996!2m3!1f0!2f0!3f0!3m2!1i1024!2i768!4f13.1!3m3!1m2!1s0x80dd34e8d18921cf%3A0xe6716de6ff5c4b48!2s1371%20N%20Eubank%20Ave%2C%20Wilmington%2C%20CA%2090744!5e0!3m2!1sen!2sus!4v1718669990615!5m2!1sen!2sus\" \n  width=\"100%\" \n  height=\"450\" \n  style=\"border:0; border-radius:8px;\" \n  allowfullscreen=\"\" \n  loading=\"lazy\" \n  referrerpolicy=\"no-referrer-when-downgrade\">\n<\/iframe>\n<\/div>\n<\/div>\n\n\n\n<div class=\"wp-block-group alignfull has-base-color has-contrast-background-color has-text-color has-background is-layout-constrained wp-container-core-group-is-layout-ef3d885c wp-block-group-is-layout-constrained\" style=\"margin-top:0;margin-bottom:0;padding-top:var(--wp--preset--spacing--60);padding-right:var(--wp--preset--spacing--60);padding-bottom:var(--wp--preset--spacing--60);padding-left:var(--wp--preset--spacing--60)\">\n<div class=\"wp-block-group is-layout-constrained wp-block-group-is-layout-constrained\">\n<p class=\"has-text-align-center has-base-color has-text-color has-heading-font-family has-x-large-font-size\" style=\"line-height:1.2\"><em>\u201cLa fuerza de una comunidad reside en los corazones de quienes se preocupan\u201d.<\/em><\/p>\n\n\n\n<div style=\"height:var(--wp--preset--spacing--10)\" aria-hidden=\"true\" class=\"wp-block-spacer\"><\/div>\n\n\n\n<div class=\"wp-block-group is-vertical is-content-justification-center is-nowrap is-layout-flex wp-container-core-group-is-layout-2dc08cea wp-block-group-is-layout-flex\">\n<p class=\"has-text-align-center\" style=\"margin-top:var(--wp--preset--spacing--10);margin-bottom:0\">An\u00f3nimo<\/p>\n<\/div>\n<\/div>\n<\/div>\n\n\n\n<p class=\"\"><\/p>","protected":false},"excerpt":{"rendered":"<p>Health &amp; Wellness We provide health screenings such as blood pressure, vision, hearing checks, and flu shots. Our chair-based exercise classes help you stay physically active in a safe, supported environment. Nutrition &amp; Meals Enjoy nutritious daily lunches at our center or sign up for home-delivered meals if you&#8217;re homebound. We also offer nutrition education [&hellip;]<\/p>\n","protected":false},"author":1,"featured_media":0,"parent":0,"menu_order":1,"comment_status":"closed","ping_status":"closed","template":"","meta":{"nf_dc_page":"","om_disable_all_campaigns":false,"_monsterinsights_skip_tracking":false,"_monsterinsights_sitenote_active":false,"_monsterinsights_sitenote_note":"","_monsterinsights_sitenote_category":0,"footnotes":""},"class_list":["post-50","page","type-page","status-publish","hentry"],"yoast_head":"<!-- This site is optimized with the Yoast SEO plugin v27.5 - https:\/\/yoast.com\/product\/yoast-seo-wordpress\/ -->\n<title>Home - Wilmington Senior Center<\/title>\n<meta name=\"robots\" content=\"index, follow, max-snippet:-1, max-image-preview:large, max-video-preview:-1\" \/>\n<link rel=\"canonical\" href=\"https:\/\/wjcseniors.org\/es\/\" \/>\n<meta property=\"og:locale\" content=\"es_MX\" \/>\n<meta property=\"og:type\" content=\"article\" \/>\n<meta property=\"og:title\" content=\"Home - Wilmington Senior Center\" \/>\n<meta property=\"og:description\" content=\"Health &amp; Wellness We provide health screenings such as blood pressure, vision, hearing checks, and flu shots. Our chair-based exercise classes help you stay physically active in a safe, supported environment. Nutrition &amp; Meals Enjoy nutritious daily lunches at our center or sign up for home-delivered meals if you&#8217;re homebound. We also offer nutrition education [&hellip;]\" \/>\n<meta property=\"og:url\" content=\"https:\/\/wjcseniors.org\/es\/\" \/>\n<meta property=\"og:site_name\" content=\"Wilmington Senior Center\" \/>\n<meta property=\"article:modified_time\" content=\"2025-09-25T22:32:28+00:00\" \/>\n<meta property=\"og:image\" content=\"https:\/\/wjcseniors.org\/wp-content\/uploads\/2025\/09\/IMG_5193.jpg\" \/>\n<meta name=\"twitter:card\" content=\"summary_large_image\" \/>\n<meta name=\"twitter:label1\" content=\"Tiempo de lectura\" \/>\n\t<meta name=\"twitter:data1\" content=\"3 minutos\" \/>\n<script type=\"application\/ld+json\" class=\"yoast-schema-graph\">{\"@context\":\"https:\\\/\\\/schema.org\",\"@graph\":[{\"@type\":\"WebPage\",\"@id\":\"https:\\\/\\\/wjcseniors.org\\\/\",\"url\":\"https:\\\/\\\/wjcseniors.org\\\/\",\"name\":\"Home - Wilmington Senior Center\",\"isPartOf\":{\"@id\":\"https:\\\/\\\/wjcseniors.org\\\/#website\"},\"primaryImageOfPage\":{\"@id\":\"https:\\\/\\\/wjcseniors.org\\\/#primaryimage\"},\"image\":{\"@id\":\"https:\\\/\\\/wjcseniors.org\\\/#primaryimage\"},\"thumbnailUrl\":\"https:\\\/\\\/wjcseniors.org\\\/wp-content\\\/uploads\\\/2025\\\/09\\\/IMG_5193.jpg\",\"datePublished\":\"2025-06-18T14:02:28+00:00\",\"dateModified\":\"2025-09-25T22:32:28+00:00\",\"breadcrumb\":{\"@id\":\"https:\\\/\\\/wjcseniors.org\\\/#breadcrumb\"},\"inLanguage\":\"es\",\"potentialAction\":[{\"@type\":\"ReadAction\",\"target\":[\"https:\\\/\\\/wjcseniors.org\\\/\"]}]},{\"@type\":\"ImageObject\",\"inLanguage\":\"es\",\"@id\":\"https:\\\/\\\/wjcseniors.org\\\/#primaryimage\",\"url\":\"https:\\\/\\\/wjcseniors.org\\\/wp-content\\\/uploads\\\/2025\\\/09\\\/IMG_5193.jpg\",\"contentUrl\":\"https:\\\/\\\/wjcseniors.org\\\/wp-content\\\/uploads\\\/2025\\\/09\\\/IMG_5193.jpg\"},{\"@type\":\"BreadcrumbList\",\"@id\":\"https:\\\/\\\/wjcseniors.org\\\/#breadcrumb\",\"itemListElement\":[{\"@type\":\"ListItem\",\"position\":1,\"name\":\"Home\",\"item\":\"https:\\\/\\\/wjcseniors.org\\\/\"},{\"@type\":\"ListItem\",\"position\":2,\"name\":\"Home\"}]},{\"@type\":\"WebSite\",\"@id\":\"https:\\\/\\\/wjcseniors.org\\\/#website\",\"url\":\"https:\\\/\\\/wjcseniors.org\\\/\",\"name\":\"Wilmington Senior Center\",\"description\":\"Wilmington Jaycees Foundation Inc.\",\"publisher\":{\"@id\":\"https:\\\/\\\/wjcseniors.org\\\/#organization\"},\"potentialAction\":[{\"@type\":\"SearchAction\",\"target\":{\"@type\":\"EntryPoint\",\"urlTemplate\":\"https:\\\/\\\/wjcseniors.org\\\/?s={search_term_string}\"},\"query-input\":{\"@type\":\"PropertyValueSpecification\",\"valueRequired\":true,\"valueName\":\"search_term_string\"}}],\"inLanguage\":\"es\"},{\"@type\":\"Organization\",\"@id\":\"https:\\\/\\\/wjcseniors.org\\\/#organization\",\"name\":\"Wilmington Senior Center\",\"url\":\"https:\\\/\\\/wjcseniors.org\\\/\",\"logo\":{\"@type\":\"ImageObject\",\"inLanguage\":\"es\",\"@id\":\"https:\\\/\\\/wjcseniors.org\\\/#\\\/schema\\\/logo\\\/image\\\/\",\"url\":\"https:\\\/\\\/i0.wp.com\\\/wjcseniors.org\\\/wp-content\\\/uploads\\\/2023\\\/11\\\/download.png?fit=155%2C171&ssl=1\",\"contentUrl\":\"https:\\\/\\\/i0.wp.com\\\/wjcseniors.org\\\/wp-content\\\/uploads\\\/2023\\\/11\\\/download.png?fit=155%2C171&ssl=1\",\"width\":155,\"height\":171,\"caption\":\"Wilmington Senior Center\"},\"image\":{\"@id\":\"https:\\\/\\\/wjcseniors.org\\\/#\\\/schema\\\/logo\\\/image\\\/\"},\"sameAs\":[\"https:\\\/\\\/www.yelp.com\\\/biz\\\/wilmington-senior-citizen-center-los-angeles\"]}]}<\/script>\n<!-- \/ Yoast SEO plugin. -->","yoast_head_json":{"title":"Home - Wilmington Senior Center","robots":{"index":"index","follow":"follow","max-snippet":"max-snippet:-1","max-image-preview":"max-image-preview:large","max-video-preview":"max-video-preview:-1"},"canonical":"https:\/\/wjcseniors.org\/es\/","og_locale":"es_MX","og_type":"article","og_title":"Home - Wilmington Senior Center","og_description":"Health &amp; Wellness We provide health screenings such as blood pressure, vision, hearing checks, and flu shots. Our chair-based exercise classes help you stay physically active in a safe, supported environment. Nutrition &amp; Meals Enjoy nutritious daily lunches at our center or sign up for home-delivered meals if you&#8217;re homebound. We also offer nutrition education [&hellip;]","og_url":"https:\/\/wjcseniors.org\/es\/","og_site_name":"Wilmington Senior Center","article_modified_time":"2025-09-25T22:32:28+00:00","og_image":[{"url":"https:\/\/wjcseniors.org\/wp-content\/uploads\/2025\/09\/IMG_5193.jpg","type":"","width":"","height":""}],"twitter_card":"summary_large_image","twitter_misc":{"Tiempo de lectura":"3 minutos"},"schema":{"@context":"https:\/\/schema.org","@graph":[{"@type":"WebPage","@id":"https:\/\/wjcseniors.org\/","url":"https:\/\/wjcseniors.org\/","name":"Home - Wilmington Senior Center","isPartOf":{"@id":"https:\/\/wjcseniors.org\/#website"},"primaryImageOfPage":{"@id":"https:\/\/wjcseniors.org\/#primaryimage"},"image":{"@id":"https:\/\/wjcseniors.org\/#primaryimage"},"thumbnailUrl":"https:\/\/wjcseniors.org\/wp-content\/uploads\/2025\/09\/IMG_5193.jpg","datePublished":"2025-06-18T14:02:28+00:00","dateModified":"2025-09-25T22:32:28+00:00","breadcrumb":{"@id":"https:\/\/wjcseniors.org\/#breadcrumb"},"inLanguage":"es","potentialAction":[{"@type":"ReadAction","target":["https:\/\/wjcseniors.org\/"]}]},{"@type":"ImageObject","inLanguage":"es","@id":"https:\/\/wjcseniors.org\/#primaryimage","url":"https:\/\/wjcseniors.org\/wp-content\/uploads\/2025\/09\/IMG_5193.jpg","contentUrl":"https:\/\/wjcseniors.org\/wp-content\/uploads\/2025\/09\/IMG_5193.jpg"},{"@type":"BreadcrumbList","@id":"https:\/\/wjcseniors.org\/#breadcrumb","itemListElement":[{"@type":"ListItem","position":1,"name":"Home","item":"https:\/\/wjcseniors.org\/"},{"@type":"ListItem","position":2,"name":"Home"}]},{"@type":"WebSite","@id":"https:\/\/wjcseniors.org\/#website","url":"https:\/\/wjcseniors.org\/","name":"Centro para personas mayores de Wilmington","description":"Fundaci\u00f3n Jaycees de Wilmington Inc.","publisher":{"@id":"https:\/\/wjcseniors.org\/#organization"},"potentialAction":[{"@type":"SearchAction","target":{"@type":"EntryPoint","urlTemplate":"https:\/\/wjcseniors.org\/?s={search_term_string}"},"query-input":{"@type":"PropertyValueSpecification","valueRequired":true,"valueName":"search_term_string"}}],"inLanguage":"es"},{"@type":"Organization","@id":"https:\/\/wjcseniors.org\/#organization","name":"Centro para personas mayores de Wilmington","url":"https:\/\/wjcseniors.org\/","logo":{"@type":"ImageObject","inLanguage":"es","@id":"https:\/\/wjcseniors.org\/#\/schema\/logo\/image\/","url":"https:\/\/i0.wp.com\/wjcseniors.org\/wp-content\/uploads\/2023\/11\/download.png?fit=155%2C171&ssl=1","contentUrl":"https:\/\/i0.wp.com\/wjcseniors.org\/wp-content\/uploads\/2023\/11\/download.png?fit=155%2C171&ssl=1","width":155,"height":171,"caption":"Wilmington Senior Center"},"image":{"@id":"https:\/\/wjcseniors.org\/#\/schema\/logo\/image\/"},"sameAs":["https:\/\/www.yelp.com\/biz\/wilmington-senior-citizen-center-los-angeles"]}]}},"jetpack_sharing_enabled":true,"_links":{"self":[{"href":"https:\/\/wjcseniors.org\/es\/wp-json\/wp\/v2\/pages\/50","targetHints":{"allow":["GET"]}}],"collection":[{"href":"https:\/\/wjcseniors.org\/es\/wp-json\/wp\/v2\/pages"}],"about":[{"href":"https:\/\/wjcseniors.org\/es\/wp-json\/wp\/v2\/types\/page"}],"author":[{"embeddable":true,"href":"https:\/\/wjcseniors.org\/es\/wp-json\/wp\/v2\/users\/1"}],"replies":[{"embeddable":true,"href":"https:\/\/wjcseniors.org\/es\/wp-json\/wp\/v2\/comments?post=50"}],"version-history":[{"count":9,"href":"https:\/\/wjcseniors.org\/es\/wp-json\/wp\/v2\/pages\/50\/revisions"}],"predecessor-version":[{"id":437,"href":"https:\/\/wjcseniors.org\/es\/wp-json\/wp\/v2\/pages\/50\/revisions\/437"}],"wp:attachment":[{"href":"https:\/\/wjcseniors.org\/es\/wp-json\/wp\/v2\/media?parent=50"}],"curies":[{"name":"wp","href":"https:\/\/api.w.org\/{rel}","templated":true}]}}